{"id":12,"date":"2014-07-22T18:42:31","date_gmt":"2014-07-22T16:42:31","guid":{"rendered":"http:\/\/psv-bottrop.de\/wordpress\/?page_id=12"},"modified":"2025-08-28T17:03:13","modified_gmt":"2025-08-28T16:03:13","slug":"yoga","status":"publish","type":"page","link":"http:\/\/psv-bottrop.de\/?page_id=12","title":{"rendered":"Abteilung 10 &#8211; Yoga und Meditation"},"content":{"rendered":"\n<figure class=\"wp-block-image size-full\"><img decoding=\"async\" loading=\"lazy\" width=\"697\" height=\"459\" src=\"http:\/\/psv-bottrop.de\/wp-content\/uploads\/2023\/11\/Yoga.png\" alt=\"\" class=\"wp-image-1138\" srcset=\"http:\/\/psv-bottrop.de\/wp-content\/uploads\/2023\/11\/Yoga.png 697w, http:\/\/psv-bottrop.de\/wp-content\/uploads\/2023\/11\/Yoga-300x198.png 300w, http:\/\/psv-bottrop.de\/wp-content\/uploads\/2023\/11\/Yoga-456x300.png 456w\" sizes=\"(max-width: 697px) 100vw, 697px\" \/><\/figure>\n\n\n\n<p><strong>Wir laden Dich ein K\u00f6rper und Geist zu vereinen.<\/strong><\/p>\n\n\n\n<p><strong>! Neulinge ohne Voranmeldung !<\/strong><\/p>\n\n\n<table style=\"border-color: #ffffff; background-color: #ffffff; height: 1122px;\" width=\"586\">\n<tbody>\n<tr>\n<td style=\"border-color: #ffffff; background-color: #ffffff;\" valign=\"top\" width=\"160\">Abteilungsleiter\/in:<\/td>\n<td style=\"border-color: #ffffff; background-color: #ffffff;\">\u00a0Katharina Wingarz<\/td>\n<\/tr>\n<tr>\n<td style=\"border-color: #ffffff; background-color: #ffffff;\" valign=\"top\">Stellv. Abteilungsleiter\/in:<\/td>\n<td style=\"border-color: #ffffff; background-color: #ffffff;\">\u00a0Marzena Mazuchin (Tel. 01 76 \/ 21 86 54 34)<\/td>\n<\/tr>\n<tr>\n<td style=\"border-color: #ffffff; background-color: #ffffff;\" valign=\"top\">E-Mail:<\/td>\n<td style=\"border-color: #ffffff; background-color: #ffffff;\">\n<p>\u00a0<a href=\"mailto:yoga@psv-bottrop.de\">yoga@psv-bottrop.de, <\/a><\/p>\n<p><a href=\"mailto:ma-jenna-yoga@hotmail.de\">ma-jenna-yoga@hotmail.de<\/a><\/p>\n<\/td>\n<\/tr>\n<tr>\n<td style=\"border-color: #ffffff; background-color: #ffffff;\" valign=\"top\">Zielgruppe:<\/td>\n<td style=\"border-color: #ffffff; background-color: #ffffff;\">\u00a016 &#8211; 99 Jahre<\/td>\n<\/tr>\n<tr>\n<td style=\"border-color: #ffffff; background-color: #ffffff;\" valign=\"top\">Voraussetzungen:<\/td>\n<td style=\"border-color: #ffffff; background-color: #ffffff;\">\n<ul>\n<li>Streben nach Ruhe, Gelassenheit und innerer Zufriedenheit<\/li>\n<li>Offenheit, Freunde an der Selbstwahrnehmung und Selbstf\u00fcrsorge, Bereitschaft zur Eigenreflexion und Entwicklung eines positives Selbstbildes<\/li>\n<li>bei k\u00f6rperlichen Beschwerden spreche mit dem Arzt oder\u00a0 Marzena (Kursleitung)<\/li>\n<\/ul>\n<\/td>\n<\/tr>\n<tr>\n<td style=\"border-color: #ffffff; background-color: #ffffff;\" valign=\"top\">Beitr\u00e4ge:<\/td>\n<td style=\"border-color: #ffffff; background-color: #ffffff;\">\n<ul>\n<li>25 Euro \/ mtl.<\/li>\n<li>25 Euro Aufnahmegeb\u00fchr<\/li>\n<li>K\u00fcndigungsfrist 6 Wochen zum Monatsende<\/li>\n<\/ul>\n<\/td>\n<\/tr>\n<tr>\n<td style=\"border-color: #ffffff; background-color: #ffffff;\" valign=\"top\">Informationen:<\/td>\n<td style=\"border-color: #ffffff; background-color: #ffffff;\">\n<p><b>Yoga (Hatha Yoga Mix)\u00a0<\/b><\/p>\n<p>sorgt f\u00fcr eine leibliche, gem\u00fcthafte und geistige Gesundheit.<br \/>Regelm\u00e4\u00dfiges Yoga Training formt den K\u00f6rper und strafft, dehnt und gleicht Dysbalancen aus.<br \/>Bewusstes Sp\u00fcren und das Loslassen von Stress und Verspannung geben Dir ein neues, vitalisiertes K\u00f6rpergef\u00fchl. Lasse Deine Atmung flie\u00dfen und sp\u00fcre Dich!<\/p>\n<ul>\n<li>Pranayama (Atemtechnik)<\/li>\n<li>Asanas (K\u00f6rper\u00fcbung)<\/li>\n<li>Meditation (Entspannung, Konzentration)<\/li>\n<\/ul>\n<p><strong>Gef\u00fchrte Meditation<\/strong><\/p>\n<p>erg\u00e4nzt das Yogaprogramm mit<\/p>\n<ul>\n<li>diversen Meditationstechniken in Begleitung<\/li>\n<li>entsprechende Atemlenkung, Harmonisierung der Gedankenwelt, beruhigende Imaginationsreisen, Chakrareinigung, mentale St\u00e4rkung<\/li>\n<\/ul>\n<p>Lasse los und sp\u00fcre Deine Gr\u00f6\u00dfe!<\/p>\n<p><strong>Tai Chi \/ Qi Gong<br \/><\/strong>Die achtsamen Steh\u00fcbungen des Chinesischen Yoga f\u00f6rdern eine harmonische K\u00f6rper-Geist-Einheit, st\u00e4rken Muskeln, Sehnen und Faszien, massieren Organe, steigern die Konzentration und bauen Stress ab.<\/p>\n<ul>\n<li>\u00fcbergreifende Kombination von Qigong und Tai Chi<\/li>\n<li>Acht Brokate, Seidenweber-\u00dcbungen, TaiChi-Laufen<\/li>\n<li>Stehmediationen<\/li>\n<\/ul>\n<\/td>\n<\/tr>\n<tr>\n<td style=\"border-color: #ffffff; background-color: #ffffff;\" valign=\"top\">Trainingszeiten<\/td>\n<td style=\"border-color: #ffffff; background-color: #ffffff;\">\n<p><strong>Montag<\/strong><\/p>\n<p><u>Judoraum Dieter-Renz-Sporthalle <em>(Hans-B\u00f6ckler-Str. 60 46236 Bottrop)<\/em><\/u><\/p>\n<p>Yoga: 9:00 &#8211; 10:00 Uhr<\/p>\n<p>Gr\u00fcner Spaziergang: 10:00 &#8211; 11:00 Uhr (Meditativer Spaziergang durch die gr\u00fcne Lunge Bottrops, nur bei trockenem Wetter.)<\/p>\n<p><b><u>Neue Trainingszeiten am Montagabend<\/u><\/b><\/p>\n<p>Turnhalle Gustav-Heinemann-Realschule (Pa\u00dfstra\u00dfe 16, 46236 Bottrop)<br \/>Pilates-R\u00fccken Yoga\u00a0 \u00a0 17:00 \u2013 18:00<br \/>Tai Chi \/ Qi Gong\u00a0 \u00a0 \u00a0 \u00a0 18:00 &#8211; 19:00\u00a0<\/p>\n<p><strong>Donnerstag<\/strong><\/p>\n<p><u>Turnhalle Grundschule Vonderort <em>(Am Quellenbusch 101, 46242 Bottrop)<br \/><\/em><\/u>Yoga: 18:30 &#8211; 20:00 Uhr<!-- \/wp:list --><\/p>\n<p>WANDERLUST- bee natural 28.9.25.<br \/>Waldbaden &amp; Naturmeditation mit Caf\u00e9- Pausen<br \/>Am Sonntag 11-18 Uhr, Treffpunkt Parkplatz Dieter-Renz-Halle, versorge Dich f\u00fcr den Wandertag bitte selbst, denke auch an Wetter angepasste Kleidung.<\/p>\n<\/td>\n<\/tr>\n<\/tbody>\n<\/table>\n<p>Allgemeine Hinweise:<\/p>\n<ul>\n<li>Bitte bringe eine eigene Yogamatte + Handtuch und bei Bedarf ein Sitzkissen mit<\/li>\n<li>f\u00fcr die Mittwochs-Workshops sind alle Utensilien vor Ort<\/li>\n<li>Bequeme, lockere Kleidung<\/li>\n<li>etwas zu Trinken (am besten Wasser)<\/li>\n<li>Bitte 2 Stunden vorher kein schweres Essen<\/li>\n<\/ul>\n<p><!-- wp:paragraph --><\/p>\n<p><!-- \/wp:paragraph --><\/p>","protected":false},"excerpt":{"rendered":"<p>Wir laden Dich ein K\u00f6rper und Geist zu vereinen. ! Neulinge ohne Voranmeldung ! Abteilungsleiter\/in: \u00a0Katharina Wingarz Stellv. Abteilungsleiter\/in: \u00a0Marzena Mazuchin (Tel. 01 76 \/ 21 86 54 34) E-Mail: \u00a0yoga@psv-bottrop.de, ma-jenna-yoga@hotmail.de Zielgruppe: \u00a016 &#8211; 99 Jahre Voraussetzungen: Streben nach &hellip; <a href=\"http:\/\/psv-bottrop.de\/?page_id=12\">Weiterlesen <span class=\"meta-nav\">&rarr;<\/span><\/a><\/p>\n","protected":false},"author":1,"featured_media":0,"parent":10,"menu_order":0,"comment_status":"closed","ping_status":"open","template":"","meta":[],"_links":{"self":[{"href":"http:\/\/psv-bottrop.de\/index.php?rest_route=\/wp\/v2\/pages\/12"}],"collection":[{"href":"http:\/\/psv-bottrop.de\/index.php?rest_route=\/wp\/v2\/pages"}],"about":[{"href":"http:\/\/psv-bottrop.de\/index.php?rest_route=\/wp\/v2\/types\/page"}],"author":[{"embeddable":true,"href":"http:\/\/psv-bottrop.de\/index.php?rest_route=\/wp\/v2\/users\/1"}],"replies":[{"embeddable":true,"href":"http:\/\/psv-bottrop.de\/index.php?rest_route=%2Fwp%2Fv2%2Fcomments&post=12"}],"version-history":[{"count":29,"href":"http:\/\/psv-bottrop.de\/index.php?rest_route=\/wp\/v2\/pages\/12\/revisions"}],"predecessor-version":[{"id":1304,"href":"http:\/\/psv-bottrop.de\/index.php?rest_route=\/wp\/v2\/pages\/12\/revisions\/1304"}],"up":[{"embeddable":true,"href":"http:\/\/psv-bottrop.de\/index.php?rest_route=\/wp\/v2\/pages\/10"}],"wp:attachment":[{"href":"http:\/\/psv-bottrop.de\/index.php?rest_route=%2Fwp%2Fv2%2Fmedia&parent=12"}],"curies":[{"name":"wp","href":"https:\/\/api.w.org\/{rel}","templated":true}]}}